{"id":506,"date":"2024-03-26T09:58:56","date_gmt":"2024-03-26T09:58:56","guid":{"rendered":"https:\/\/anagonzts.com\/?page_id=506"},"modified":"2024-03-26T10:19:05","modified_gmt":"2024-03-26T10:19:05","slug":"politica-de-privacidad","status":"publish","type":"page","link":"https:\/\/anagonzts.com\/index.php\/politica-de-privacidad\/","title":{"rendered":"Pol\u00edtica de privacidad"},"content":{"rendered":"\t\t<div data-elementor-type=\"wp-page\" data-elementor-id=\"506\" class=\"elementor elementor-506\">\n\t\t\t\t\t\t<section class=\"elementor-section elementor-top-section elementor-element elementor-element-7363d5b5 elementor-section-boxed elementor-section-height-default elementor-section-height-default\" data-id=\"7363d5b5\" data-element_type=\"section\">\n\t\t\t\t\t\t<div class=\"elementor-container elementor-column-gap-default\">\n\t\t\t\t\t<div class=\"elementor-column elementor-col-100 elementor-top-column elementor-element elementor-element-2df9af47\" data-id=\"2df9af47\" data-element_type=\"column\">\n\t\t\t<div class=\"elementor-widget-wrap elementor-element-populated\">\n\t\t\t\t\t\t<div class=\"elementor-element elementor-element-78dac1b9 elementor-widget elementor-widget-text-editor\" data-id=\"78dac1b9\" data-element_type=\"widget\" data-widget_type=\"text-editor.default\">\n\t\t\t\t<div class=\"elementor-widget-container\">\n\t\t\t<style>\/*! elementor - v3.20.0 - 26-03-2024 *\/\n.elementor-widget-text-editor.elementor-drop-cap-view-stacked .elementor-drop-cap{background-color:#69727d;color:#fff}.elementor-widget-text-editor.elementor-drop-cap-view-framed .elementor-drop-cap{color:#69727d;border:3px solid;background-color:transparent}.elementor-widget-text-editor:not(.elementor-drop-cap-view-default) .elementor-drop-cap{margin-top:8px}.elementor-widget-text-editor:not(.elementor-drop-cap-view-default) .elementor-drop-cap-letter{width:1em;height:1em}.elementor-widget-text-editor .elementor-drop-cap{float:left;text-align:center;line-height:1;font-size:50px}.elementor-widget-text-editor .elementor-drop-cap-letter{display:inline-block}<\/style>\t\t\t\t<p class=\"MsoNormal\" style=\"mso-margin-top-alt: auto; mso-margin-bottom-alt: auto; line-height: normal; mso-outline-level: 1;\"><span style=\"font-size: 24pt; font-family: 'inherit', serif; color: #808285;\">Pol\u00edtica de privacidad<\/span><\/p><ol start=\"1\" type=\"1\"><li class=\"MsoNormal\" style=\"color: #333333; line-height: normal;\"><span style=\"font-size: 12pt; font-family: 'Segoe UI', sans-serif; color: #808285;\">\u00bfQui\u00e9n es el responsable del tratamiento de<br \/>sus datos?<\/span><\/li><\/ol><p class=\"MsoNormal\" style=\"line-height: normal; background-image: initial; background-position: initial; background-size: initial; background-repeat: initial; background-attachment: initial; background-origin: initial; background-clip: initial;\"><span style=\"font-size: 12pt; font-family: 'Segoe UI', sans-serif; color: #808285;\">Responsable: Ana<br \/>Gonz\u00e1lez Echevarr\u00eda, (en adelante\u00a0AG).<\/span><\/p><p class=\"MsoNormal\" style=\"line-height: normal; background-image: initial; background-position: initial; background-size: initial; background-repeat: initial; background-attachment: initial; background-origin: initial; background-clip: initial;\"><span style=\"font-size: 12pt; font-family: 'Segoe UI', sans-serif; color: #808285;\">NIF<b>:<\/b>\u00a0\u00a0\u00a0\u00a0\u00a0<br \/>44628759L<\/span><\/p><p class=\"MsoNormal\" style=\"line-height: normal; background-image: initial; background-position: initial; background-size: initial; background-repeat: initial; background-attachment: initial; background-origin: initial; background-clip: initial;\"><span style=\"font-size: 12pt; font-family: 'Segoe UI', sans-serif; color: #808285;\">Datos de<br \/>contacto:\u00a0C\/ Artajona, 31390 Olite (Navarra) ESPA\u00d1A.<\/span><\/p><p class=\"MsoNormal\" style=\"line-height: normal; background-image: initial; background-position: initial; background-size: initial; background-repeat: initial; background-attachment: initial; background-origin: initial; background-clip: initial;\"><span style=\"font-size: 12pt; font-family: 'Segoe UI', sans-serif; color: #808285;\">Email<b>:<\/b>\u00a0hola@anagonzts.com<\/span><\/p><ol start=\"2\" type=\"1\"><li class=\"MsoNormal\" style=\"color: #333333; line-height: normal;\"><span style=\"font-size: 12pt; font-family: 'Segoe UI', sans-serif; color: #808285;\">\u00bfCon qu\u00e9 finalidad tratamos sus datos<br \/>personales?<\/span><\/li><\/ol><p class=\"MsoNormal\" style=\"line-height: normal; background-image: initial; background-position: initial; background-size: initial; background-repeat: initial; background-attachment: initial; background-origin: initial; background-clip: initial;\"><span style=\"font-size: 12pt; font-family: 'Segoe UI', sans-serif; color: #808285;\">En AG tratamos<br \/>la informaci\u00f3n que nos facilitan las personas interesadas\u00a0 cumpliendo lo<br \/>establecido en el Reglamento General Protecci\u00f3n de Datos:<\/span><\/p><ul type=\"disc\"><li class=\"MsoNormal\" style=\"color: #333333; line-height: normal;\"><span style=\"font-size: 12pt; font-family: 'Segoe UI', sans-serif; color: #808285;\">RGPD: 6.1.b) Tratamiento necesario para la<br \/>ejecuci\u00f3n de un contrato en el que el interesado es parte o para la<br \/>aplicaci\u00f3n a petici\u00f3n de \u00e9ste de medidas precontractuales.<\/span><\/li><li class=\"MsoNormal\" style=\"color: #333333; line-height: normal;\"><span style=\"font-size: 12pt; font-family: 'Segoe UI', sans-serif; color: #808285;\">RGPD: 6.1.c) Tratamiento necesario para el<br \/>cumplimiento de una obligaci\u00f3n legal aplicable al responsable del<br \/>tratamiento.<\/span><\/li><\/ul><p class=\"MsoNormal\" style=\"line-height: normal; background-image: initial; background-position: initial; background-size: initial; background-repeat: initial; background-attachment: initial; background-origin: initial; background-clip: initial;\"><span style=\"font-size: 12pt; font-family: 'Segoe UI', sans-serif; color: #808285;\">As\u00ed mismo,<br \/>tratamos la informaci\u00f3n que nos facilitan las personas interesadas con el fin<br \/>de (I) la elaboraci\u00f3n de presupuestos comerciales, albaranes y facturas; (II)<br \/>poder prestarle la asistencia solicitada; (III) poder realizar la gesti\u00f3n<br \/>contable, fiscal y administrativa; (IV) poder enviarle comunicaciones referente<br \/>a nuestros productos, servicios y promociones.<\/span><\/p><ol start=\"3\" type=\"1\"><li class=\"MsoNormal\" style=\"color: #333333; line-height: normal;\"><span style=\"font-size: 12pt; font-family: 'Segoe UI', sans-serif; color: #808285;\">\u00bfPor cu\u00e1nto tiempo conservaremos sus datos?<\/span><\/li><\/ol><p class=\"MsoNormal\" style=\"line-height: normal; background-image: initial; background-position: initial; background-size: initial; background-repeat: initial; background-attachment: initial; background-origin: initial; background-clip: initial;\"><span style=\"font-size: 12pt; font-family: 'Segoe UI', sans-serif; color: #808285;\">Se conservar\u00e1n<br \/>durante el tiempo necesario para cumplir con la finalidad para la que se<br \/>recabaron y para determinar las posibles responsabilidades que se pudieran<br \/>derivar de dicha finalidad y del tratamiento de los datos incluidas el<br \/>cumplimiento de las obligaciones legales; Para las finalidades en las que<br \/>requerimos su consentimiento expreso, se conservaran mientras el afectado no<br \/>ejerza sus derecho de supresi\u00f3n o limitaci\u00f3n de la finalidad.<\/span><\/p><ol start=\"4\" type=\"1\"><li class=\"MsoNormal\" style=\"color: #333333; line-height: normal;\"><span style=\"font-size: 12pt; font-family: 'Segoe UI', sans-serif; color: #808285;\">\u00bfCu\u00e1l es la legitimaci\u00f3n para el tratamiento<br \/>de sus datos?<\/span><\/li><\/ol><p class=\"MsoNormal\" style=\"line-height: normal; background-image: initial; background-position: initial; background-size: initial; background-repeat: initial; background-attachment: initial; background-origin: initial; background-clip: initial;\"><span style=\"font-size: 12pt; font-family: 'Segoe UI', sans-serif; color: #808285;\">Le indicamos<br \/>la base legal para el tratamiento de sus datos:<\/span><\/p><ul type=\"disc\"><li class=\"MsoNormal\" style=\"color: #333333; line-height: normal;\"><span style=\"font-size: 12pt; font-family: 'Segoe UI', sans-serif; color: #808285;\">Ejecuci\u00f3n de un contrato: Ejecuci\u00f3n de un<br \/>contrato de compra\/venta o suministro sobre nuestros productos y\/o<br \/>servicios, incluso por medio de nuestra venta online<\/span><\/li><li class=\"MsoNormal\" style=\"color: #333333; line-height: normal;\"><span style=\"font-size: 12pt; font-family: 'Segoe UI', sans-serif; color: #808285;\">Inter\u00e9s leg\u00edtimo del Responsable:<br \/>Finalidades relacionadas con la prestaci\u00f3n, asistencia y comunicaci\u00f3n<br \/>sobre los servicios o productos contratados. Gesti\u00f3n administrativa,<br \/>contable y fiscal; Comunicaciones con el cliente; Finalidades relacionadas<br \/>con la venta on line: compra, atenci\u00f3n al cliente, devoluci\u00f3n, gestiones<br \/>de ofertas a clientes y potenciales clientes, comunicaciones con el<br \/>cliente en relaci\u00f3n al servicio, reclamaciones y quejas; la cesi\u00f3n de<br \/>datos a terceras empresas relacionadas con el Responsable del Tratamiento<br \/>con la finalidad de tratamientos relacionados con este inter\u00e9s leg\u00edtimo.<br \/>La gesti\u00f3n de las im\u00e1genes de las c\u00e1maras de seguridad.<\/span><\/li><li class=\"MsoNormal\" style=\"color: #333333; line-height: normal;\"><span style=\"font-size: 12pt; font-family: 'Segoe UI', sans-serif; color: #808285;\">Consentimiento del interesado: El env\u00edo de<br \/>comunicaciones comerciales de nuestros productos y servicios. La<br \/>suscripci\u00f3n a nuestros boletines \u201cnewsletter\u201d, el acceso y tratamiento de<br \/>sus datos para la gesti\u00f3n de nuestra \u00e1rea privada. La publicaci\u00f3n de im\u00e1genes<br \/>y v\u00eddeos en los que aparezca el afectado en la p\u00e1gina web de AG.<\/span><\/li><\/ul><ol start=\"5\" type=\"1\"><li class=\"MsoNormal\" style=\"color: #333333; line-height: normal;\"><span style=\"font-size: 12pt; font-family: 'Segoe UI', sans-serif; color: #808285;\">\u00bfA qu\u00e9 destinatarios se comunicar\u00e1n sus<br \/>datos?<\/span><\/li><\/ol><p class=\"MsoNormal\" style=\"line-height: normal; background-image: initial; background-position: initial; background-size: initial; background-repeat: initial; background-attachment: initial; background-origin: initial; background-clip: initial;\"><span style=\"font-size: 12pt; font-family: 'Segoe UI', sans-serif; color: #808285;\">Los datos se<br \/>comunicar\u00e1n a los siguientes destinatarios:<\/span><\/p><ul type=\"disc\"><li class=\"MsoNormal\" style=\"color: #333333; line-height: normal;\"><span style=\"font-size: 12pt; font-family: 'Segoe UI', sans-serif; color: #808285;\">Personas y organizaciones relacionadas con<br \/>el responsable del tratamiento, con la finalidad de prestarle los<br \/>servicios solicitados y los servicios auxiliares dependientes de la<br \/>prestaci\u00f3n principal.<\/span><\/li><li class=\"MsoNormal\" style=\"color: #333333; line-height: normal;\"><span style=\"font-size: 12pt; font-family: 'Segoe UI', sans-serif; color: #808285;\">Entidades financieras, con la finalidad de<br \/>transacciones econ\u00f3micas.<\/span><\/li><li class=\"MsoNormal\" style=\"color: #333333; line-height: normal;\"><span style=\"font-size: 12pt; font-family: 'Segoe UI', sans-serif; color: #808285;\">Administraci\u00f3n P\u00fablica con competencia en la<br \/>materia.<\/span><\/li><li class=\"MsoNormal\" style=\"color: #333333; line-height: normal;\"><span style=\"font-size: 12pt; font-family: 'Segoe UI', sans-serif; color: #808285;\">Empresas de servicios de pago online:<br \/>Paypal, con la finalidad de pagos y transferencias<\/span><\/li><\/ul><ol start=\"6\" type=\"1\"><li class=\"MsoNormal\" style=\"color: #333333; line-height: normal;\"><span style=\"font-size: 12pt; font-family: 'Segoe UI', sans-serif; color: #808285;\">Transferencias de datos a terceros pa\u00edses<\/span><\/li><\/ol><p class=\"MsoNormal\" style=\"line-height: normal; background-image: initial; background-position: initial; background-size: initial; background-repeat: initial; background-attachment: initial; background-origin: initial; background-clip: initial;\"><span style=\"font-size: 12pt; font-family: 'Segoe UI', sans-serif; color: #808285;\">No est\u00e1n<br \/>previstas transferencias de datos a terceros pa\u00edses.<\/span><\/p><ol start=\"7\" type=\"1\"><li class=\"MsoNormal\" style=\"color: #333333; line-height: normal;\"><span style=\"font-size: 12pt; font-family: 'Segoe UI', sans-serif; color: #808285;\">\u00bfCu\u00e1les son sus derechos cuando nos facilita<br \/>sus datos?<\/span><\/li><\/ol><p class=\"MsoNormal\" style=\"line-height: normal; background-image: initial; background-position: initial; background-size: initial; background-repeat: initial; background-attachment: initial; background-origin: initial; background-clip: initial;\"><span style=\"font-size: 12pt; font-family: 'Segoe UI', sans-serif; color: #808285;\">Cualquier<br \/>persona tiene derecho a obtener confirmaci\u00f3n sobre si en AG estamos tratando<br \/>datos personales que les conciernan, o no.<\/span><\/p><p class=\"MsoNormal\" style=\"line-height: normal; background-image: initial; background-position: initial; background-size: initial; background-repeat: initial; background-attachment: initial; background-origin: initial; background-clip: initial;\"><span style=\"font-size: 12pt; font-family: 'Segoe UI', sans-serif; color: #808285;\">Las personas<br \/>interesadas tienen derecho a acceder a sus datos personales, as\u00ed como a<br \/>solicitar la rectificaci\u00f3n de los datos inexactos o, en su caso, solicitar su<br \/>supresi\u00f3n cuando, entre otros motivos, los datos ya no sean necesarios para los<br \/>fines que fueron recogidos.<\/span><\/p><p class=\"MsoNormal\" style=\"line-height: normal; background-image: initial; background-position: initial; background-size: initial; background-repeat: initial; background-attachment: initial; background-origin: initial; background-clip: initial;\"><span style=\"font-size: 12pt; font-family: 'Segoe UI', sans-serif; color: #808285;\">En<br \/>determinadas circunstancias, los interesados podr\u00e1n solicitar la limitaci\u00f3n del<br \/>tratamiento de sus datos, en cuyo caso \u00fanicamente los conservaremos para el<br \/>ejercicio o la defensa de reclamaciones.<\/span><\/p><p class=\"MsoNormal\" style=\"line-height: normal; background-image: initial; background-position: initial; background-size: initial; background-repeat: initial; background-attachment: initial; background-origin: initial; background-clip: initial;\"><span style=\"font-size: 12pt; font-family: 'Segoe UI', sans-serif; color: #808285;\">Igualmente, y<br \/>por motivos relacionados con su situaci\u00f3n particular, los interesados podr\u00e1n<br \/>oponerse al tratamiento de sus datos. En este caso, AG dejar\u00e1 de tratar los<br \/>datos, salvo por motivos leg\u00edtimos imperiosos, o el ejercicio o la defensa de<br \/>posibles reclamaciones.<\/span><\/p><p class=\"MsoNormal\" style=\"line-height: normal; background-image: initial; background-position: initial; background-size: initial; background-repeat: initial; background-attachment: initial; background-origin: initial; background-clip: initial;\"><span style=\"font-size: 12pt; font-family: 'Segoe UI', sans-serif; color: #808285;\">Podr\u00e1<br \/>ejercitar materialmente sus derechos de la siguiente forma: enviando un correo<br \/>electr\u00f3nico a la direcci\u00f3n de e-mail hola@anagonzts.com<\/span><\/p><p class=\"MsoNormal\" style=\"line-height: normal; background-image: initial; background-position: initial; background-size: initial; background-repeat: initial; background-attachment: initial; background-origin: initial; background-clip: initial;\"><span style=\"font-size: 12pt; font-family: 'Segoe UI', sans-serif; color: #808285;\">Si nos<br \/>proporciona sus datos de car\u00e1cter personal a trav\u00e9s de nuestro formulario de<br \/>contacto, le informamos que los campos se\u00f1alados con asterisco (*) son<br \/>obligatorios y la omisi\u00f3n de los mismos podr\u00eda conllevar la imposibilidad de<br \/>facilitar la informaci\u00f3n requerida.<\/span><\/p><p class=\"MsoNormal\" style=\"line-height: normal; background-image: initial; background-position: initial; background-size: initial; background-repeat: initial; background-attachment: initial; background-origin: initial; background-clip: initial;\"><span style=\"font-size: 12pt; font-family: 'Segoe UI', sans-serif; color: #808285;\">Si ha otorgado<br \/>su consentimiento para alguna finalidad concreta, tiene derecho a retirar el<br \/>consentimiento otorgado en cualquier momento, sin que ello afecte a la licitud<br \/>del tratamiento basado en el consentimiento previo a su retirada.<\/span><\/p><p class=\"MsoNormal\" style=\"line-height: normal; background-image: initial; background-position: initial; background-size: initial; background-repeat: initial; background-attachment: initial; background-origin: initial; background-clip: initial;\"><span style=\"color: #808285;\"><span style=\"font-size: 12pt; font-family: 'Segoe UI', sans-serif;\">En caso de que<br \/>sienta vulnerados sus derechos en lo concerniente a la protecci\u00f3n de sus datos<br \/>personales, especialmente cuando no haya obtenido satisfacci\u00f3n en el ejercicio<br \/>de sus derechos, puede presentar una reclamaci\u00f3n ante la Autoridad de Control<br \/>en materia de Protecci\u00f3n de Datos competente a trav\u00e9s de su sitio web:\u00a0<\/span><a style=\"color: #808285;\" href=\"http:\/\/www.aepd.es\/\"><span style=\"font-size: 12.0pt; font-family: 'Segoe UI',sans-serif; mso-fareast-font-family: 'Times New Roman'; mso-font-kerning: 0pt; mso-ligatures: none; mso-fareast-language: ES;\">www.aepd.es<\/span><\/a><span style=\"font-size: 12pt; font-family: 'Segoe UI', sans-serif;\">.<\/span><\/span><\/p><ol start=\"8\" type=\"1\"><li class=\"MsoNormal\" style=\"color: #333333; line-height: normal;\"><span style=\"font-size: 12pt; font-family: 'Segoe UI', sans-serif; color: #808285;\">\u00bfC\u00f3mo hemos obtenido sus datos?<\/span><\/li><\/ol><p class=\"MsoNormal\" style=\"line-height: normal; background-image: initial; background-position: initial; background-size: initial; background-repeat: initial; background-attachment: initial; background-origin: initial; background-clip: initial;\"><span style=\"font-size: 12pt; font-family: 'Segoe UI', sans-serif; color: #808285;\">Los datos<br \/>personales que tratamos en AG proceden del propio interesado. Las categor\u00edas de<br \/>datos que se tratan son:<\/span><\/p><ul type=\"disc\"><li class=\"MsoNormal\" style=\"color: #333333; line-height: normal;\"><span style=\"font-size: 12pt; font-family: 'Segoe UI', sans-serif; color: #808285;\">Datos identificativos<\/span><\/li><li class=\"MsoNormal\" style=\"color: #333333; line-height: normal;\"><span style=\"font-size: 12pt; font-family: 'Segoe UI', sans-serif; color: #808285;\">Direcciones postales y electr\u00f3nicas<\/span><\/li><li class=\"MsoNormal\" style=\"color: #333333; line-height: normal;\"><span style=\"font-size: 12pt; font-family: 'Segoe UI', sans-serif; color: #808285;\">Datos econ\u00f3micos<\/span><\/li><li class=\"MsoNormal\" style=\"color: #333333; line-height: normal;\"><span style=\"font-size: 12pt; font-family: 'Segoe UI', sans-serif; color: #808285;\">Categor\u00edas especiales de datos: Se tratan<br \/>Datos de Salud en la declaraci\u00f3n previa del interesado al solicitar los<br \/>servicios espec\u00edficos ofertados por el AG.<\/span><\/li><\/ul><p class=\"MsoNormal\" style=\"line-height: normal; background-image: initial; background-position: initial; background-size: initial; background-repeat: initial; background-attachment: initial; background-origin: initial; background-clip: initial;\"><span style=\"font-size: 12pt; font-family: 'Segoe UI', sans-serif; color: #808285;\">No se tratan<br \/>otras categor\u00edas especiales de datos personales (son aquellos datos que revelen<br \/>el origen \u00e9tnico o racial, las opiniones pol\u00edticas, las convicciones religiosas<br \/>o filos\u00f3ficas, o la afiliaci\u00f3n sindical, datos gen\u00e9ticos, datos relativos a la<br \/>vida sexual o la orientaci\u00f3n sexual de una persona f\u00edsica).<\/span><\/p><p class=\"MsoNormal\">\u00a0<\/p>\t\t\t\t\t\t<\/div>\n\t\t\t\t<\/div>\n\t\t\t\t\t<\/div>\n\t\t<\/div>\n\t\t\t\t\t<\/div>\n\t\t<\/section>\n\t\t\t\t<\/div>\n\t\t","protected":false},"excerpt":{"rendered":"<p>Pol\u00edtica de privacidad \u00bfQui\u00e9n es el responsable del tratamiento desus datos? Responsable: AnaGonz\u00e1lez Echevarr\u00eda, (en adelante\u00a0AG). NIF:\u00a0\u00a0\u00a0\u00a0\u00a044628759L Datos decontacto:\u00a0C\/ Artajona, 31390 Olite (Navarra) ESPA\u00d1A. Email:\u00a0hola@anagonzts.com \u00bfCon qu\u00e9 finalidad tratamos sus datospersonales? En AG tratamosla informaci\u00f3n que nos facilitan las personas interesadas\u00a0 cumpliendo loestablecido en el Reglamento General Protecci\u00f3n de Datos: RGPD: 6.1.b) Tratamiento necesario para [&hellip;]<\/p>\n","protected":false},"author":1,"featured_media":0,"parent":0,"menu_order":0,"comment_status":"closed","ping_status":"closed","template":"elementor_canvas","meta":{"om_disable_all_campaigns":false,"_monsterinsights_skip_tracking":false,"_monsterinsights_sitenote_active":false,"_monsterinsights_sitenote_note":"","_monsterinsights_sitenote_category":0,"_uf_show_specific_survey":0,"_uf_disable_surveys":false,"footnotes":""},"class_list":["post-506","page","type-page","status-publish","hentry"],"aioseo_notices":[],"_links":{"self":[{"href":"https:\/\/anagonzts.com\/index.php\/wp-json\/wp\/v2\/pages\/506","targetHints":{"allow":["GET"]}}],"collection":[{"href":"https:\/\/anagonzts.com\/index.php\/wp-json\/wp\/v2\/pages"}],"about":[{"href":"https:\/\/anagonzts.com\/index.php\/wp-json\/wp\/v2\/types\/page"}],"author":[{"embeddable":true,"href":"https:\/\/anagonzts.com\/index.php\/wp-json\/wp\/v2\/users\/1"}],"replies":[{"embeddable":true,"href":"https:\/\/anagonzts.com\/index.php\/wp-json\/wp\/v2\/comments?post=506"}],"version-history":[{"count":10,"href":"https:\/\/anagonzts.com\/index.php\/wp-json\/wp\/v2\/pages\/506\/revisions"}],"predecessor-version":[{"id":832,"href":"https:\/\/anagonzts.com\/index.php\/wp-json\/wp\/v2\/pages\/506\/revisions\/832"}],"wp:attachment":[{"href":"https:\/\/anagonzts.com\/index.php\/wp-json\/wp\/v2\/media?parent=506"}],"curies":[{"name":"wp","href":"https:\/\/api.w.org\/{rel}","templated":true}]}}